{"id":91,"date":"2023-12-17T14:34:31","date_gmt":"2023-12-17T14:34:31","guid":{"rendered":"http:\/\/hanfmann.net\/?page_id=91"},"modified":"2023-12-17T14:34:55","modified_gmt":"2023-12-17T14:34:55","slug":"cbn","status":"publish","type":"page","link":"https:\/\/hanfmann.net\/?page_id=91","title":{"rendered":"CBN"},"content":{"rendered":"\n<p><strong>CBN \u2013 Cannabinol<\/strong><\/p>\n\n\n<div class=\"wp-block-image\">\n<figure class=\"alignright size-full is-resized\"><img loading=\"lazy\" decoding=\"async\" width=\"1024\" height=\"524\" src=\"http:\/\/hanfmann.net\/wp-content\/uploads\/2023\/12\/CBN.png\" alt=\"\" class=\"wp-image-92\" style=\"width:295px;height:auto\" srcset=\"https:\/\/hanfmann.net\/wp-content\/uploads\/2023\/12\/CBN.png 1024w, https:\/\/hanfmann.net\/wp-content\/uploads\/2023\/12\/CBN-300x154.png 300w, https:\/\/hanfmann.net\/wp-content\/uploads\/2023\/12\/CBN-768x393.png 768w, https:\/\/hanfmann.net\/wp-content\/uploads\/2023\/12\/CBN-600x307.png 600w\" sizes=\"auto, (max-width: 1024px) 100vw, 1024px\" \/><\/figure>\n<\/div>\n\n\n<p>Die Forschung zu CBN steckt noch in den Kinderschuhen, auch wenn CBN viel fr\u00fcher als CBD und THC isoliert werden konnte. CBN entwickelt sich durch Oxidation aus THC, weist jedoch nur eine sehr leichte psychoaktive Wirkung auf. CBN-Produkte sind ebenso zumeist in Form von \u00d6l erh\u00e4ltich. Es unterliegt nicht dem Bet\u00e4ubungsmittelgesetzt. Nach bisherigem Forschungsstand wirkt CBN entz\u00fcndungshemmend, krampfl\u00f6send und antibakeriell.<\/p>\n\n\n\n<p>Es wird besonders wegen seiner beruhigenden Wirkung gesch\u00e4tzt. In der Komibination von CBN und CBD entstehen zudem positive Synergieeffekte, wie etwa ein schmerzlindernder Effekt.<\/p>\n","protected":false},"excerpt":{"rendered":"<p>CBN \u2013 Cannabinol Die Forschung zu CBN steckt noch in den Kinderschuhen, auch wenn CBN viel fr\u00fcher als CBD und THC isoliert werden konnte. CBN entwickelt sich durch [&hellip;]<\/p>\n","protected":false},"author":3,"featured_media":0,"parent":80,"menu_order":0,"comment_status":"closed","ping_status":"closed","template":"","meta":{"footnotes":""},"class_list":["post-91","page","type-page","status-publish","hentry"],"jetpack_sharing_enabled":true,"_links":{"self":[{"href":"https:\/\/hanfmann.net\/index.php?rest_route=\/wp\/v2\/pages\/91","targetHints":{"allow":["GET"]}}],"collection":[{"href":"https:\/\/hanfmann.net\/index.php?rest_route=\/wp\/v2\/pages"}],"about":[{"href":"https:\/\/hanfmann.net\/index.php?rest_route=\/wp\/v2\/types\/page"}],"author":[{"embeddable":true,"href":"https:\/\/hanfmann.net\/index.php?rest_route=\/wp\/v2\/users\/3"}],"replies":[{"embeddable":true,"href":"https:\/\/hanfmann.net\/index.php?rest_route=%2Fwp%2Fv2%2Fcomments&post=91"}],"version-history":[{"count":1,"href":"https:\/\/hanfmann.net\/index.php?rest_route=\/wp\/v2\/pages\/91\/revisions"}],"predecessor-version":[{"id":93,"href":"https:\/\/hanfmann.net\/index.php?rest_route=\/wp\/v2\/pages\/91\/revisions\/93"}],"up":[{"embeddable":true,"href":"https:\/\/hanfmann.net\/index.php?rest_route=\/wp\/v2\/pages\/80"}],"wp:attachment":[{"href":"https:\/\/hanfmann.net\/index.php?rest_route=%2Fwp%2Fv2%2Fmedia&parent=91"}],"curies":[{"name":"wp","href":"https:\/\/api.w.org\/{rel}","templated":true}]}}