{"id":82,"date":"2023-12-17T14:26:09","date_gmt":"2023-12-17T14:26:09","guid":{"rendered":"http:\/\/hanfmann.net\/?page_id=82"},"modified":"2023-12-17T14:26:29","modified_gmt":"2023-12-17T14:26:29","slug":"thc","status":"publish","type":"page","link":"https:\/\/hanfmann.net\/?page_id=82","title":{"rendered":"THC"},"content":{"rendered":"<div class=\"wp-block-image\">\n<figure class=\"alignright size-full is-resized\"><img loading=\"lazy\" decoding=\"async\" width=\"250\" height=\"136\" src=\"http:\/\/hanfmann.net\/wp-content\/uploads\/2023\/12\/Tetrahydrocannabinol.svg_.png\" alt=\"\" class=\"wp-image-83\" style=\"width:334px;height:auto\"\/><\/figure>\n<\/div>\n\n\n<p><strong>THC \u2013 Tetrahydrocannabinol<\/strong><\/p>\n\n\n\n<p>THC ist das Cannabinoid, dass haupts\u00e4chlich f\u00fcr die berauschende Wirkung und somit den schlechten Ruf von Cannabis veranwortlich ist.<\/p>\n\n\n\n<p>Es wird im wesentlichen aus den weiblichen, unbefruchteten Bl\u00fcten der Hanfpflanze gewonnen. Hierf\u00fcr reicht jedoch nicht das Essen der Pflanzen aus. Zun\u00e4chst ist die Aktivierung des Wirkstoffes notwendig, welche durch Erhitzen erfolgt. Deshalb ist das Rauchen des Pflanzenmaterials die einfachste Art, um die Wirkungen von THC zu erzielen.<\/p>\n\n\n\n<p>Wie kommt es zu der berauschenden Wirkung von THC? Die chemische Struktur dieses Cannabinoides \u00e4hnelt starkt einer Chemikalie, dem Anandamid, welches auf nat\u00fcrliche Weise von unserem K\u00f6rper produziert wird. \u00dcber unser k\u00f6rpereigenes, sogenanntes Endocannabinoid-System (ein neuronales Netzwerk, wichtig f\u00fcr unser Nervensystem) wirkt das endogene Cannabinoid, indem es Rezeptoren (CB1 und CB2) dieses Systems aktiviert. THC wirkt hier\u00fcber auf die Gehirnkommunikation und l\u00f6st die psychoaktive Wirkung aus, welche unsere geistigen und k\u00f6rperlichen Funktionen beeintr\u00e4chtigt. Deshalb ist THC in vielen L\u00e4ndern verboten bzw. unterliegt dem Bet\u00e4ubungsmittelgesetz. Hiervon ausgenommen ist die medizinische Anwendung von THC.<\/p>\n\n\n\n<p>Eines seiner h\u00e4ufigsten Einsatzgebiete ist die Anwendung in der Schmerzlinderung.<\/p>\n\n\n\n\n\n\n\n\n\n\n\n\n\n\n\n\n\n\n\n\n\n\n\n\n\n\n","protected":false},"excerpt":{"rendered":"<p>THC \u2013 Tetrahydrocannabinol THC ist das Cannabinoid, dass haupts\u00e4chlich f\u00fcr die berauschende Wirkung und somit den schlechten Ruf von Cannabis veranwortlich ist. Es wird im wesentlichen aus den [&hellip;]<\/p>\n","protected":false},"author":3,"featured_media":0,"parent":80,"menu_order":0,"comment_status":"closed","ping_status":"closed","template":"","meta":{"footnotes":""},"class_list":["post-82","page","type-page","status-publish","hentry"],"jetpack_sharing_enabled":true,"_links":{"self":[{"href":"https:\/\/hanfmann.net\/index.php?rest_route=\/wp\/v2\/pages\/82","targetHints":{"allow":["GET"]}}],"collection":[{"href":"https:\/\/hanfmann.net\/index.php?rest_route=\/wp\/v2\/pages"}],"about":[{"href":"https:\/\/hanfmann.net\/index.php?rest_route=\/wp\/v2\/types\/page"}],"author":[{"embeddable":true,"href":"https:\/\/hanfmann.net\/index.php?rest_route=\/wp\/v2\/users\/3"}],"replies":[{"embeddable":true,"href":"https:\/\/hanfmann.net\/index.php?rest_route=%2Fwp%2Fv2%2Fcomments&post=82"}],"version-history":[{"count":1,"href":"https:\/\/hanfmann.net\/index.php?rest_route=\/wp\/v2\/pages\/82\/revisions"}],"predecessor-version":[{"id":84,"href":"https:\/\/hanfmann.net\/index.php?rest_route=\/wp\/v2\/pages\/82\/revisions\/84"}],"up":[{"embeddable":true,"href":"https:\/\/hanfmann.net\/index.php?rest_route=\/wp\/v2\/pages\/80"}],"wp:attachment":[{"href":"https:\/\/hanfmann.net\/index.php?rest_route=%2Fwp%2Fv2%2Fmedia&parent=82"}],"curies":[{"name":"wp","href":"https:\/\/api.w.org\/{rel}","templated":true}]}}