{"id":76,"date":"2023-12-17T14:15:00","date_gmt":"2023-12-17T14:15:00","guid":{"rendered":"http:\/\/hanfmann.net\/?page_id=76"},"modified":"2023-12-17T14:15:30","modified_gmt":"2023-12-17T14:15:30","slug":"konzentrierte-einnahme-tinkturen-und-kapseln-mit-konzentriertem-wirkstoff","status":"publish","type":"page","link":"https:\/\/hanfmann.net\/?page_id=76","title":{"rendered":"Konzentrierte Einnahme\u2013 Tinkturen und Kapseln mit konzentriertem Wirkstoff"},"content":{"rendered":"\n<p>Wenn es um medizinische Behandlungen geht, assoziieren viele Menschen eine Therapie mit der Einnahme von Wirkstoffen in Form von Tabletten, Tinkturen oder Salben. Rauchen, Inhalieren oder das Essen von etwa S\u00fc\u00dfem hat f\u00fcr viele einfach nichts mit Medizin zu tun, weshalb die konzentrierte Einnahme eine Form des Konsums ist, die etwa auch von skeptischen Menschen schneller akzeptiert und ausprobiert wird.<\/p>\n\n\n\n<p>Bei <strong>Tinkturen<\/strong> werden die Cannabisbl\u00fcten in einer Tr\u00e4gerfl\u00fcssigkeit gel\u00f6st und hierdurch ein konzentriertes Extrakt hergestellt. Beliebte Fl\u00fcssigkeiten sind Alkohol oder \u00d6l. Durch diese Transportstoffe k\u00f6nnen die Wirkstoffe durch Schlucken oder sublinguale Anwendung (Tropfen unter der Zunge) sehr einfach und handlich konsumiert werden.<\/p>\n\n\n\n<p><em><strong>Vorteile<\/strong><\/em><\/p>\n\n\n\n<p>Die konzentrierte Einnahme in Form von Tropfen oder Kapseln ist eine sehr praktische Art des Konsums, welche ohne Geruch und `zus\u00e4tzliche Kalorien\u00b4 auskommt. Sie ist ideal f\u00fcr unterwegs und erm\u00f6glicht die unauff\u00e4llige Einnahme etwa an Orten wie dem Arbeitsplatz. Zudem erm\u00f6glicht diese Konsumform eine sehr pr\u00e4zise Dosierung. Durch die schnelle Aufnahme im Blutkreislauf wird eine schnelle Wirkung erzielt. Dennoch wirken die Extrakte zudem zeitverz\u00f6gert und langanhaltend, weil sie \u00fcber den Verdauungstrakt langsamer verarbeitet werden.<\/p>\n\n\n\n<p><em><strong>Nachteile<\/strong><\/em><\/p>\n\n\n\n<p>Man kann sich sehr schnell an eine Dosis gew\u00f6hnen, was zu einer stetigen Erh\u00f6hung dieser f\u00fchren kann. Zudem haben Tinkturen zumeist keinen guten Geschmack und erfordern einen sorgsamen Umgang, da sie stark lichtempfindlich sind.<\/p>\n","protected":false},"excerpt":{"rendered":"<p>Wenn es um medizinische Behandlungen geht, assoziieren viele Menschen eine Therapie mit der Einnahme von Wirkstoffen in Form von Tabletten, Tinkturen oder Salben. Rauchen, Inhalieren oder das Essen [&hellip;]<\/p>\n","protected":false},"author":3,"featured_media":0,"parent":58,"menu_order":0,"comment_status":"closed","ping_status":"closed","template":"","meta":{"footnotes":""},"class_list":["post-76","page","type-page","status-publish","hentry"],"jetpack_sharing_enabled":true,"_links":{"self":[{"href":"https:\/\/hanfmann.net\/index.php?rest_route=\/wp\/v2\/pages\/76","targetHints":{"allow":["GET"]}}],"collection":[{"href":"https:\/\/hanfmann.net\/index.php?rest_route=\/wp\/v2\/pages"}],"about":[{"href":"https:\/\/hanfmann.net\/index.php?rest_route=\/wp\/v2\/types\/page"}],"author":[{"embeddable":true,"href":"https:\/\/hanfmann.net\/index.php?rest_route=\/wp\/v2\/users\/3"}],"replies":[{"embeddable":true,"href":"https:\/\/hanfmann.net\/index.php?rest_route=%2Fwp%2Fv2%2Fcomments&post=76"}],"version-history":[{"count":1,"href":"https:\/\/hanfmann.net\/index.php?rest_route=\/wp\/v2\/pages\/76\/revisions"}],"predecessor-version":[{"id":77,"href":"https:\/\/hanfmann.net\/index.php?rest_route=\/wp\/v2\/pages\/76\/revisions\/77"}],"up":[{"embeddable":true,"href":"https:\/\/hanfmann.net\/index.php?rest_route=\/wp\/v2\/pages\/58"}],"wp:attachment":[{"href":"https:\/\/hanfmann.net\/index.php?rest_route=%2Fwp%2Fv2%2Fmedia&parent=76"}],"curies":[{"name":"wp","href":"https:\/\/api.w.org\/{rel}","templated":true}]}}