{"id":72,"date":"2023-12-17T14:11:37","date_gmt":"2023-12-17T14:11:37","guid":{"rendered":"http:\/\/hanfmann.net\/?page_id=72"},"modified":"2023-12-17T14:11:58","modified_gmt":"2023-12-17T14:11:58","slug":"rauchen-verbrennen-von-cannabis","status":"publish","type":"page","link":"https:\/\/hanfmann.net\/?page_id=72","title":{"rendered":"Rauchen (Verbrennen von Cannabis)"},"content":{"rendered":"\n<p>Beim Rauchen werden die Bl\u00fctenbestandteile oder Konzentrate, wie wir es auch von Zigaretten kennen, mittels eine Flamme entz\u00fcndet und entsprechend geraucht. Es ist weiterhin die meist genutzte Variante.<\/p>\n\n\n\n<p><em><strong>Vorteile<\/strong><\/em><\/p>\n\n\n\n<p>Die wesentlichen Vorteile des Rauchens liegen in seiner Einfachheit: man ben\u00f6tigt hierf\u00fcr weder teures Zubeh\u00f6r noch Zugang zu einer bestimmten Infrastruktur, etwa die Verf\u00fcgbarkeit von Strom. Ob Raucher oder Nichtraucher, Rauchen ist allgemein anerkannt und geh\u00f6rt in unserer Gesellschaft zum Alltag dazu.<\/p>\n\n\n\n<p>Seine gro\u00dfe Beliebtheit unter allen Konsumformen verdankt das Rauchen vor allem seiner schnellen und direkten Wirkungsweise.<\/p>\n\n\n\n<p><em><strong>Nachteile<\/strong><\/em><\/p>\n\n\n\n<p>Wie beim Konsum von Zigaretten auch, f\u00fchrt die Verbrennung der Cannabissubstanzen zur Entstehung von sogenannten Verbrennungsstoffen, die sich durch ihr Einatmen belastend auf die Lunge und gesamten K\u00f6rper auswirken. Deshalb wird diese Konsumform von \u00c4rzten in der Regel abgelehnt.<\/p>\n\n\n\n<p>Zudem kann diese Form des Konsums f\u00fcr viele im Alltag nicht umgesetzt werden, wenn sie nicht negativ in ihrem sozialen und beruflichen Umfeld auffallen m\u00f6chten. Durch das Rauchen entstehen signifikante, eigene Ger\u00fcche, die sich beispielsweise auf der Kleidung oder in der Umgebung absetzen. So sehr der Anblick einer rauchenden Person gesellschaftlich akzeptiert ist, so sehr trifft dies f\u00fcr den Geruch von Zigarettenrauch und erst recht dem Rauch von verbrannten Cannabisbl\u00fcten nicht zu.<\/p>\n","protected":false},"excerpt":{"rendered":"<p>Beim Rauchen werden die Bl\u00fctenbestandteile oder Konzentrate, wie wir es auch von Zigaretten kennen, mittels eine Flamme entz\u00fcndet und entsprechend geraucht. Es ist weiterhin die meist genutzte Variante. [&hellip;]<\/p>\n","protected":false},"author":3,"featured_media":0,"parent":58,"menu_order":0,"comment_status":"closed","ping_status":"closed","template":"","meta":{"footnotes":""},"class_list":["post-72","page","type-page","status-publish","hentry"],"jetpack_sharing_enabled":true,"_links":{"self":[{"href":"https:\/\/hanfmann.net\/index.php?rest_route=\/wp\/v2\/pages\/72","targetHints":{"allow":["GET"]}}],"collection":[{"href":"https:\/\/hanfmann.net\/index.php?rest_route=\/wp\/v2\/pages"}],"about":[{"href":"https:\/\/hanfmann.net\/index.php?rest_route=\/wp\/v2\/types\/page"}],"author":[{"embeddable":true,"href":"https:\/\/hanfmann.net\/index.php?rest_route=\/wp\/v2\/users\/3"}],"replies":[{"embeddable":true,"href":"https:\/\/hanfmann.net\/index.php?rest_route=%2Fwp%2Fv2%2Fcomments&post=72"}],"version-history":[{"count":1,"href":"https:\/\/hanfmann.net\/index.php?rest_route=\/wp\/v2\/pages\/72\/revisions"}],"predecessor-version":[{"id":73,"href":"https:\/\/hanfmann.net\/index.php?rest_route=\/wp\/v2\/pages\/72\/revisions\/73"}],"up":[{"embeddable":true,"href":"https:\/\/hanfmann.net\/index.php?rest_route=\/wp\/v2\/pages\/58"}],"wp:attachment":[{"href":"https:\/\/hanfmann.net\/index.php?rest_route=%2Fwp%2Fv2%2Fmedia&parent=72"}],"curies":[{"name":"wp","href":"https:\/\/api.w.org\/{rel}","templated":true}]}}