{"id":55,"date":"2023-12-17T13:38:35","date_gmt":"2023-12-17T13:38:35","guid":{"rendered":"http:\/\/hanfmann.net\/?page_id=55"},"modified":"2023-12-17T13:38:35","modified_gmt":"2023-12-17T13:38:35","slug":"der-hanfmann","status":"publish","type":"page","link":"https:\/\/hanfmann.net\/?page_id=55","title":{"rendered":"Der Hanfmann"},"content":{"rendered":"\n<p><\/p>\n\n\n\n<figure class=\"wp-block-image\"><img loading=\"lazy\" decoding=\"async\" width=\"1707\" height=\"2560\" src=\"http:\/\/hanfmann.net\/wp-content\/uploads\/2023\/12\/IMG_7339ps-scaled.jpg\" alt=\"\" class=\"wp-image-56\" srcset=\"https:\/\/hanfmann.net\/wp-content\/uploads\/2023\/12\/IMG_7339ps-scaled.jpg 1707w, https:\/\/hanfmann.net\/wp-content\/uploads\/2023\/12\/IMG_7339ps-200x300.jpg 200w, https:\/\/hanfmann.net\/wp-content\/uploads\/2023\/12\/IMG_7339ps-683x1024.jpg 683w, https:\/\/hanfmann.net\/wp-content\/uploads\/2023\/12\/IMG_7339ps-768x1152.jpg 768w, https:\/\/hanfmann.net\/wp-content\/uploads\/2023\/12\/IMG_7339ps-1024x1536.jpg 1024w, https:\/\/hanfmann.net\/wp-content\/uploads\/2023\/12\/IMG_7339ps-1365x2048.jpg 1365w, https:\/\/hanfmann.net\/wp-content\/uploads\/2023\/12\/IMG_7339ps-1320x1980.jpg 1320w, https:\/\/hanfmann.net\/wp-content\/uploads\/2023\/12\/IMG_7339ps-600x900.jpg 600w\" sizes=\"auto, (max-width: 1707px) 100vw, 1707px\" \/><\/figure>\n\n\n\n<p>Willkommen zu meinem Blog \u201eMein Leben mit Cannabis\u201c<\/p>\n\n\n\n<p>lasst uns direkt zu den wichtigsten Fragen kommen: wer bin ich und warum schreibe ich diesen Blog?<\/p>\n\n\n\n<p>Cannabis ist f\u00fcr viele ein Tabuthema, dass mit vielen Vorurteilen verbunden ist. Wahrscheinlich habt Ihr jetzt auch direkt Bilder von jugendlichen Abh\u00e4ngigen im Kopf. Es ging mir genauso, bis ich vor \u00fcber 10 Jahren das erste Mal selbst in Kontakt mit Cannabis kam und es mein Leben zum Positiven ver\u00e4nderte.<\/p>\n\n\n\n<p>Wie kam es zu meinem ersten Kontakt? Ich habe zuvor bereits seit einigen Jahren an Krankheiten, u.a. dem chronischen Schmerzsyndrom, gelitten, welche mir unertr\u00e4gliche Schmerzen zuf\u00fcgten. Nun k\u00f6nnen die meisten in der Medizin genutzten Schmerzmittel, wie etwa Iboprofen oder Morphin, von meinem K\u00f6rper nicht verarbeitet werden. Als sogenannter \u201eNon Responder\u201c schlagen klassische Behandlungsmethoden bei mir nicht an, so dass ein normales Leben f\u00fcr mich nicht mehr m\u00f6glich war. Um einen Weg aus dem sehr schmerzhaften Alltag zu finden, probierte ich auch weniger bekannte Behandlungsmethoden aus und stie\u00df somit auf Cannabis.<\/p>\n\n\n\n<p>Ich entdeckte, dass Cannabis mir nicht nur einen besseren Umgang mit meinem Schmerzen und damit wieder die Teilhabe am Leben erm\u00f6glichte. Auch lernte ich, das Hanf eine sehr vielseitige Pflanze ist. Ich war \u00fcberrascht festzustellen, dass der Konsum von Hanf und die Nutzung seiner diversen, positiven Wirkungen auf den menschlichen K\u00f6rper nichtmit den allgemein assoziierten negativen Folgen verbunden ist.<\/p>\n\n\n\n<p>Der Konsum von Cannabis erm\u00f6glichte mir, wieder ein normales, weitestgehend schmerzfreies Leben zu f\u00fchren, weshalb ich schlie\u00dflich seine legale, medizinische Nutzung f\u00fcr mich beantragte. Der Kampf um die Zulassung dauerte zwei Jahre, aber ich konnte erfolgreich, als erster Patient im Saarland, die Genehmigung der Bundesopiumstelle (unter den damals geltenden Ausnahmeregelungen) erhalten.<\/p>\n\n\n\n<p>Der Weg bis zur Zulassung war steinig und nicht einfach, aber auch danach stand ich weiterhin vor vielen H\u00fcrden, da ich mich mit jeder Menge Unwissen konfrontiert sah. Ich musste mir in m\u00fchevoller Kleinarbeit und vielen Selbstversuchen, die mit vielen Fehlschl\u00e4gen verbunden waren, selbst das Wissen dar\u00fcber aneignen, wie man Cannabis am besten konsumiert, um effektiv und optimal von seiner Wirkung zu profitieren.<\/p>\n\n\n\n<p>Seit meinem ersten Konsum von Cannabis sind nun einige Jahre vergangen. Ich sehe die positiven Wirkungen f\u00fcr mein Leben und bin davon \u00fcberzeugt, dass der medizinische Konsum von Hanf auch vielen anderen helfen k\u00f6nnte. Das Thema ist jedoch weiterhin mit vielen Vorurteilen und entsprechenden \u00c4ngsten verbunden, so dass dieser Weg zumeist erst gar nicht in Betracht gezogen wird. Die Menschen, die ausprobieren m\u00f6chten, wie ihnen Cannabis helfen kann, verlieren sich in der Praxis zumeist in einem Meer aus Halbwissen aus allerlei Quellen, das nicht nur den Erfolg der Anwendung kosten kann, sondern auch viel Geld und Zeit beim Herausfinden, welches Wissen \u00fcberhaupt etwas taugt.<\/p>\n\n\n\n<p>Es ist mir ein Anliegen, mit veralteten Vorurteilen aufzur\u00e4umen und neue, wirksame Wege aufzuzeigen, von denen ich \u00fcberzeugt bin, weil ich sie selbst getestet habe. Au\u00dferdem m\u00f6chte ich meine Erfahrungen und mein Wissen mit Euch teilen, denn ich wei\u00df, was es hei\u00dft, aufgrund seiner Krankkeiten in seinem Alltag stark eingeschr\u00e4nkt zu sein und wieviel Kraft es kostet, wenn man sich dann zudem in einem Labyrinth aus Informationen ohne Wegweiser zurecht finden soll. Ich trage seit \u00fcber 10 Jahren intensiv Wissen zum medizinischen Konsum von Cannabis zusammen. Durch<\/p>\n\n\n\n<p>&#8211; Lesen der aktuellen Studien<\/p>\n\n\n\n<p>&#8211; Besuchen fachspezifischer Kongresse<\/p>\n\n\n\n<p>&#8211; Testen der Produkte unterschiedlichster Anbieter<\/p>\n\n\n\n<p>&#8211; Austauschen der Erfahrungen mit anderen Nutzern<\/p>\n\n\n\n<p>&#8211; Durchf\u00fchren eigener \u201eExperimente\u201c, wie die Wirksamkeit von Cannabis durch<\/p>\n\n\n\n<p>verschiedene Kombinationen in der Art und Weise des Konsums verst\u00e4rkt werden kann<\/p>\n\n\n\n<p>bilde ich mich auch weiterhin st\u00e4ndig fort und halte mein Wissen auf dem neuesten Stand.<\/p>\n\n\n\n<p>Lasst mich Euch auf Eurem Weg zu einem besseren und einfacheren Leben trotz Krankheit beiseite stehen und unterst\u00fctzen!<\/p>\n\n\n\n<p>Euer Hanfmann( Lars )<\/p>\n","protected":false},"excerpt":{"rendered":"<p>Willkommen zu meinem Blog \u201eMein Leben mit Cannabis\u201c lasst uns direkt zu den wichtigsten Fragen kommen: wer bin ich und warum schreibe ich diesen Blog? Cannabis ist f\u00fcr [&hellip;]<\/p>\n","protected":false},"author":3,"featured_media":0,"parent":0,"menu_order":0,"comment_status":"closed","ping_status":"closed","template":"","meta":{"footnotes":""},"class_list":["post-55","page","type-page","status-publish","hentry"],"jetpack_sharing_enabled":true,"_links":{"self":[{"href":"https:\/\/hanfmann.net\/index.php?rest_route=\/wp\/v2\/pages\/55","targetHints":{"allow":["GET"]}}],"collection":[{"href":"https:\/\/hanfmann.net\/index.php?rest_route=\/wp\/v2\/pages"}],"about":[{"href":"https:\/\/hanfmann.net\/index.php?rest_route=\/wp\/v2\/types\/page"}],"author":[{"embeddable":true,"href":"https:\/\/hanfmann.net\/index.php?rest_route=\/wp\/v2\/users\/3"}],"replies":[{"embeddable":true,"href":"https:\/\/hanfmann.net\/index.php?rest_route=%2Fwp%2Fv2%2Fcomments&post=55"}],"version-history":[{"count":1,"href":"https:\/\/hanfmann.net\/index.php?rest_route=\/wp\/v2\/pages\/55\/revisions"}],"predecessor-version":[{"id":57,"href":"https:\/\/hanfmann.net\/index.php?rest_route=\/wp\/v2\/pages\/55\/revisions\/57"}],"wp:attachment":[{"href":"https:\/\/hanfmann.net\/index.php?rest_route=%2Fwp%2Fv2%2Fmedia&parent=55"}],"curies":[{"name":"wp","href":"https:\/\/api.w.org\/{rel}","templated":true}]}}