{"id":3,"date":"2023-03-07T08:24:14","date_gmt":"2023-03-07T08:24:14","guid":{"rendered":"https:\/\/cannabis.irma.hostkraft.de\/?page_id=3"},"modified":"2023-10-17T15:22:43","modified_gmt":"2023-10-17T15:22:43","slug":"privacy-policy","status":"publish","type":"page","link":"https:\/\/hanfmann.net\/?page_id=3","title":{"rendered":"Disclaimer"},"content":{"rendered":"\n<h2 class=\"wp-block-heading\"><strong>Disclaimer<\/strong><\/h2>\n\n\n\n<p>Die auf dieser Website enthaltenen Informationen werden mit gr\u00f6\u00dfter Sorgfalt erstellt.<\/p>\n\n\n\n<p>Weder die Herausgeber\/Anbieter dieser Website (siehe Impressum), noch irgendjemand, der bei der Erstellung und Zurverf\u00fcgungstellung von Inhalten der Seiten, die in diesem Angebot vorhanden oder von diesem Angebot aus zug\u00e4nglich sind, beteiligt ist, k\u00f6nnen irgendeine Gew\u00e4hr und Haftung f\u00fcr die Aktualit\u00e4t, Korrektheit, Vollst\u00e4ndigkeit oder Qualit\u00e4t der hierin gemachten Angaben oder der bereit gestellten Informationen, auch derer, auf die verwiesen wird, \u00fcbernehmen. Jeder Zugriff auf die hierin enthaltenen Angaben oder auf die Informationen, auf die verwiesen wird sowie deren Nutzung und Inhalt, geschieht auf eigene Verantwortung der Nutzer. Die auf den Webseiten enthaltenen medizinischen Informationen d\u00fcrfen nicht die Anweisungen eines Arztes oder eines anderen Angeh\u00f6rigen der Heilberufe ersetzen. Sie d\u00fcrfen nicht zur Diagnose oder Therapie eines gesundheitlichen oder medizinischen Problems oder einer Krankheit verwendet werden. In solchen F\u00e4llen m\u00fcssen Sie stets einen Arzt konsultieren bzw. medizinischen Rat einholen.<br>Da die Informationen im Laufe der Zeit veraltet sein k\u00f6nnen, ist es unbedingt erforderlich, dass stets der Rat eines Arztes eingeholt wird, um zu einer angemessenen klinischen Beurteilung Ihres spezifischen Zustandes bzw. des spezifischen Zustandes des betreffenden Patienten zu gelangen.<\/p>\n","protected":false},"excerpt":{"rendered":"<p>Disclaimer Die auf dieser Website enthaltenen Informationen werden mit gr\u00f6\u00dfter Sorgfalt erstellt. Weder die Herausgeber\/Anbieter dieser Website (siehe Impressum), noch irgendjemand, der bei der Erstellung und Zurverf\u00fcgungstellung von [&hellip;]<\/p>\n","protected":false},"author":1,"featured_media":0,"parent":0,"menu_order":0,"comment_status":"closed","ping_status":"closed","template":"","meta":{"footnotes":""},"class_list":["post-3","page","type-page","status-publish","hentry"],"jetpack_sharing_enabled":true,"_links":{"self":[{"href":"https:\/\/hanfmann.net\/index.php?rest_route=\/wp\/v2\/pages\/3","targetHints":{"allow":["GET"]}}],"collection":[{"href":"https:\/\/hanfmann.net\/index.php?rest_route=\/wp\/v2\/pages"}],"about":[{"href":"https:\/\/hanfmann.net\/index.php?rest_route=\/wp\/v2\/types\/page"}],"author":[{"embeddable":true,"href":"https:\/\/hanfmann.net\/index.php?rest_route=\/wp\/v2\/users\/1"}],"replies":[{"embeddable":true,"href":"https:\/\/hanfmann.net\/index.php?rest_route=%2Fwp%2Fv2%2Fcomments&post=3"}],"version-history":[{"count":3,"href":"https:\/\/hanfmann.net\/index.php?rest_route=\/wp\/v2\/pages\/3\/revisions"}],"predecessor-version":[{"id":24,"href":"https:\/\/hanfmann.net\/index.php?rest_route=\/wp\/v2\/pages\/3\/revisions\/24"}],"wp:attachment":[{"href":"https:\/\/hanfmann.net\/index.php?rest_route=%2Fwp%2Fv2%2Fmedia&parent=3"}],"curies":[{"name":"wp","href":"https:\/\/api.w.org\/{rel}","templated":true}]}}